{"id":129,"date":"2026-03-10T12:47:35","date_gmt":"2026-03-10T11:47:35","guid":{"rendered":"http:\/\/stefanatelier.pl\/?page_id=129"},"modified":"2026-03-12T16:42:09","modified_gmt":"2026-03-12T15:42:09","slug":"kontakt","status":"publish","type":"page","link":"https:\/\/stefanatelier.pl\/?page_id=129","title":{"rendered":"Kontakt"},"content":{"rendered":"\n<div class=\"wp-block-group alignfull has-global-padding is-layout-constrained wp-container-core-group-is-layout-0debefae wp-block-group-is-layout-constrained\" style=\"padding-top:var(--wp--preset--spacing--normal);padding-right:var(--wp--preset--spacing--normal);padding-bottom:var(--wp--preset--spacing--normal);padding-left:var(--wp--preset--spacing--normal)\">\n<div class=\"wp-block-columns alignwide are-vertically-aligned-center is-layout-flex wp-container-core-columns-is-layout-9f25c019 wp-block-columns-is-layout-flex\">\n<div class=\"wp-block-column is-vertically-aligned-center is-layout-flow wp-block-column-is-layout-flow\">\n<figure class=\"wp-block-image size-full\"><img loading=\"lazy\" decoding=\"async\" width=\"1600\" height=\"1600\" src=\"https:\/\/stefanatelier.pl\/wp-content\/uploads\/2026\/03\/WhatsApp-Image-2026-03-06-at-16.17.34-1.jpeg\" alt=\"\" class=\"wp-image-107\" srcset=\"https:\/\/stefanatelier.pl\/wp-content\/uploads\/2026\/03\/WhatsApp-Image-2026-03-06-at-16.17.34-1.jpeg 1600w, https:\/\/stefanatelier.pl\/wp-content\/uploads\/2026\/03\/WhatsApp-Image-2026-03-06-at-16.17.34-1-300x300.jpeg 300w, https:\/\/stefanatelier.pl\/wp-content\/uploads\/2026\/03\/WhatsApp-Image-2026-03-06-at-16.17.34-1-1024x1024.jpeg 1024w, https:\/\/stefanatelier.pl\/wp-content\/uploads\/2026\/03\/WhatsApp-Image-2026-03-06-at-16.17.34-1-150x150.jpeg 150w, https:\/\/stefanatelier.pl\/wp-content\/uploads\/2026\/03\/WhatsApp-Image-2026-03-06-at-16.17.34-1-768x768.jpeg 768w, https:\/\/stefanatelier.pl\/wp-content\/uploads\/2026\/03\/WhatsApp-Image-2026-03-06-at-16.17.34-1-1536x1536.jpeg 1536w\" sizes=\"auto, (max-width: 1600px) 100vw, 1600px\" \/><\/figure>\n<\/div>\n\n\n\n<div class=\"wp-block-column is-vertically-aligned-center is-layout-flow wp-block-column-is-layout-flow\">\n<div class=\"wp-block-columns is-not-stacked-on-mobile is-layout-flex wp-container-core-columns-is-layout-28f84493 wp-block-columns-is-layout-flex\">\n<div class=\"wp-block-column is-layout-flow wp-container-core-column-is-layout-3d072ba8 wp-block-column-is-layout-flow\">\n<div class=\"wp-block-group has-global-padding is-layout-constrained wp-container-core-group-is-layout-c585d93a wp-block-group-is-layout-constrained\" style=\"padding-right:var(--wp--preset--spacing--small);padding-left:var(--wp--preset--spacing--small)\">\n<h2 class=\"wp-block-heading\">E-mail<\/h2>\n\n\n\n<p><a href=\"mailto:info@example.com\">kontakt@stefanatelier.pl<\/a><\/p>\n<\/div>\n\n\n\n<div class=\"wp-block-group has-global-padding is-layout-constrained wp-container-core-group-is-layout-c585d93a wp-block-group-is-layout-constrained\" style=\"padding-right:var(--wp--preset--spacing--small);padding-left:var(--wp--preset--spacing--small)\">\n<h2 class=\"wp-block-heading\">Siedziba sp\u00f3\u0142ki <\/h2>\n\n\n\n<p>Stereopolis.com Sp z o.o.<\/p>\n\n\n\n<p>Opolska 22\/B206<br>40-084 Katowice<\/p>\n\n\n\n<p>NIP: 6332245284<br>KRS: 0000939829<\/p>\n\n\n\n<p>Kapita\u0142 zak\u0142adowy: <br>1 000 000 PLN<br><br>BDO: 000564454<\/p>\n<\/div>\n<\/div>\n\n\n\n<div class=\"wp-block-column is-layout-flow wp-container-core-column-is-layout-3d072ba8 wp-block-column-is-layout-flow\">\n<div class=\"wp-block-group has-global-padding is-layout-constrained wp-container-core-group-is-layout-c585d93a wp-block-group-is-layout-constrained\" style=\"padding-right:var(--wp--preset--spacing--small);padding-left:var(--wp--preset--spacing--small)\">\n<h2 class=\"wp-block-heading\">Telefon<\/h2>\n\n\n\n<p>+48 604 218 622<\/p>\n<\/div>\n\n\n\n<div class=\"wp-block-group has-global-padding is-layout-constrained wp-container-core-group-is-layout-c585d93a wp-block-group-is-layout-constrained\" style=\"padding-right:var(--wp--preset--spacing--small);padding-left:var(--wp--preset--spacing--small)\">\n<h2 class=\"wp-block-heading\">Stolarnia<\/h2>\n\n\n\n<p>\u015al\u0105ska 6<br>43-254 Krzy\u017cowice<\/p>\n<\/div>\n<\/div>\n<\/div>\n<\/div>\n<\/div>\n<\/div>\n\n\n\n<div class=\"wp-block-group alignfull has-global-padding is-layout-constrained wp-container-core-group-is-layout-e5c0cd5e wp-block-group-is-layout-constrained\" style=\"padding-top:30px;padding-right:30px;padding-bottom:30px;padding-left:30px\">\n<h2 class=\"wp-block-heading has-text-align-center has-color-1-color has-text-color has-link-color has-big-font-size wp-elements-a32e401be67b87547d72ab2696ea3aa5\" style=\"margin-bottom:60px;font-style:normal;font-weight:600;text-transform:none\">FAQ<\/h2>\n\n\n\n<div class=\"wp-block-columns alignwide is-layout-flex wp-container-core-columns-is-layout-28f84493 wp-block-columns-is-layout-flex\">\n<div class=\"wp-block-column is-layout-flow wp-container-core-column-is-layout-360d14ef wp-block-column-is-layout-flow\">\n<h2 class=\"wp-block-heading\">Czy wykonujecie meble na wymiar w Katowicach i na \u015al\u0105sku?<\/h2>\n\n\n\n<p>Tak. Realizujemy meble i zabudowy na wymiar g\u0142\u00f3wnie na terenie Katowic oraz ca\u0142ego G\u00f3rnego \u015al\u0105ska. Obs\u0142ugujemy zar\u00f3wno klient\u00f3w prywatnych, jak i inwestor\u00f3w, deweloper\u00f3w oraz firmy.<\/p>\n\n\n\n<hr class=\"wp-block-separator has-alpha-channel-opacity is-style-wide\" style=\"margin-top:30px;margin-bottom:30px\"\/>\n\n\n\n<h2 class=\"wp-block-heading\">Jak wygl\u0105da proces realizacji mebli na wymiar?<\/h2>\n\n\n\n<p>Proces rozpoczyna si\u0119 od rozmowy i analizy potrzeb oraz wykonania pomiaru. Nast\u0119pnie przygotowywany jest projekt lub weryfikowany projekt architekta. Kolejnym etapem jest produkcja w naszej stolarni oraz monta\u017c u klienta.<\/p>\n\n\n\n<hr class=\"wp-block-separator has-alpha-channel-opacity is-style-wide\" style=\"margin-top:30px;margin-bottom:30px\"\/>\n<\/div>\n\n\n\n<div class=\"wp-block-column is-layout-flow wp-container-core-column-is-layout-360d14ef wp-block-column-is-layout-flow\">\n<h2 class=\"wp-block-heading\">Czy wsp\u00f3\u0142pracujecie z architektami i projektantami wn\u0119trz?<\/h2>\n\n\n\n<p>Tak, regularnie wsp\u00f3\u0142pracujemy z architektami i projektantami wn\u0119trz. Mo\u017cemy realizowa\u0107 gotowe projekty, przygotowa\u0107 dokumentacj\u0119 wykonawcz\u0105 oraz doradzi\u0107 technicznie na etapie projektowania.<\/p>\n\n\n\n<hr class=\"wp-block-separator has-alpha-channel-opacity is-style-wide\" style=\"margin-top:30px;margin-bottom:30px\"\/>\n\n\n\n<h2 class=\"wp-block-heading\">Z jakich materia\u0142\u00f3w produkowane s\u0105 meble? <\/h2>\n\n\n\n<p>Pracujemy zar\u00f3wno z drewnem litym i fornirem naturalnym, jak i z nowoczesnymi materia\u0142ami takimi jak laminaty HPL, kamie\u0144 akrylowy czy Corian. Korzystamy r\u00f3wnie\u017c z profesjonalnych system\u00f3w oku\u0107 meblowych.<\/p>\n\n\n\n<hr class=\"wp-block-separator has-alpha-channel-opacity is-style-wide\" style=\"margin-top:30px;margin-bottom:30px\"\/>\n<\/div>\n<\/div>\n<\/div>\n\n\n\n<div class=\"wp-block-cover alignfull is-light\"><span aria-hidden=\"true\" class=\"wp-block-cover__background has-color-6-background-color has-background-dim-100 has-background-dim\"><\/span><div class=\"wp-block-cover__inner-container has-global-padding is-layout-constrained wp-container-core-cover-is-layout-67e8c345 wp-block-cover-is-layout-constrained\">\n<h2 class=\"wp-block-heading has-text-align-center has-color-1-color has-text-color has-link-color has-poppins-font-family has-big-font-size wp-elements-c55979964ef9e7a7ebd699c47868299f\" style=\"margin-top:var(--wp--preset--spacing--large);margin-right:0;margin-bottom:var(--wp--preset--spacing--large);margin-left:0;padding-top:0;padding-bottom:0;font-style:normal;font-weight:500\">Porozmawiajmy o projekcie<\/h2>\n\n\n\n<div class=\"wpcf7 no-js\" id=\"wpcf7-f155-o1\" lang=\"en-US\" dir=\"ltr\" data-wpcf7-id=\"155\">\n<div class=\"screen-reader-response\"><p role=\"status\" aria-live=\"polite\" aria-atomic=\"true\"><\/p> <ul><\/ul><\/div>\n<form action=\"\/index.php?rest_route=%2Fwp%2Fv2%2Fpages%2F129#wpcf7-f155-o1\" method=\"post\" class=\"wpcf7-form init\" aria-label=\"Contact form\" novalidate=\"novalidate\" data-status=\"init\">\n<fieldset class=\"hidden-fields-container\"><input type=\"hidden\" name=\"_wpcf7\" value=\"155\" \/><input type=\"hidden\" name=\"_wpcf7_version\" value=\"6.1.5\" \/><input type=\"hidden\" name=\"_wpcf7_locale\" value=\"en_US\" \/><input type=\"hidden\" name=\"_wpcf7_unit_tag\" value=\"wpcf7-f155-o1\" \/><input type=\"hidden\" name=\"_wpcf7_container_post\" value=\"0\" \/><input type=\"hidden\" name=\"_wpcf7_posted_data_hash\" value=\"\" \/>\n<\/fieldset>\n<p><label> Imi\u0119<br \/>\n<span class=\"wpcf7-form-control-wrap\" data-name=\"your-name\"><input size=\"40\" maxlength=\"400\" class=\"wpcf7-form-control wpcf7-text wpcf7-validates-as-required\" autocomplete=\"name\" aria-required=\"true\" aria-invalid=\"false\" value=\"\" type=\"text\" name=\"your-name\" \/><\/span> <\/label>\n<\/p>\n<p><label> Tw\u00f3j e-mail<br \/>\n<span class=\"wpcf7-form-control-wrap\" data-name=\"your-email\"><input size=\"40\" maxlength=\"400\" class=\"wpcf7-form-control wpcf7-email wpcf7-validates-as-required wpcf7-text wpcf7-validates-as-email\" autocomplete=\"email\" aria-required=\"true\" aria-invalid=\"false\" value=\"\" type=\"email\" name=\"your-email\" \/><\/span> <\/label>\n<\/p>\n<p><label> Temat<br \/>\n<span class=\"wpcf7-form-control-wrap\" data-name=\"your-subject\"><input size=\"40\" maxlength=\"400\" class=\"wpcf7-form-control wpcf7-text wpcf7-validates-as-required\" aria-required=\"true\" aria-invalid=\"false\" value=\"\" type=\"text\" name=\"your-subject\" \/><\/span> <\/label>\n<\/p>\n<p><label> Wiadomo\u015b\u0107<br \/>\n<span class=\"wpcf7-form-control-wrap\" data-name=\"your-message\"><textarea cols=\"40\" rows=\"10\" maxlength=\"2000\" class=\"wpcf7-form-control wpcf7-textarea\" aria-invalid=\"false\" name=\"your-message\"><\/textarea><\/span> <\/label>\n<\/p>\n<p><input class=\"wpcf7-form-control wpcf7-submit has-spinner\" type=\"submit\" value=\"Wy\u015blij wiadomo\u015b\u0107\" \/>\n<\/p><div class=\"wpcf7-response-output\" aria-hidden=\"true\"><\/div>\n<\/form>\n<\/div>\n\n<\/div><\/div>\n","protected":false},"excerpt":{"rendered":"<p>E-mail kontakt@stefanatelier.pl Siedziba sp\u00f3\u0142ki Stereopolis.com Sp z o.o. Opolska 22\/B20640-084 Katowice NIP: 6332245284KRS: 0000939829 Kapita\u0142 zak\u0142adowy: 1 000 000 PLN BDO: 000564454 Telefon +48 604 218 622 Stolarnia \u015al\u0105ska 643-254 Krzy\u017cowice FAQ Czy wykonujecie meble na wymiar w Katowicach i na \u015al\u0105sku? Tak. Realizujemy meble i zabudowy na wymiar g\u0142\u00f3wnie na terenie Katowic oraz ca\u0142ego [&hellip;]<\/p>\n","protected":false},"author":1,"featured_media":0,"parent":0,"menu_order":0,"comment_status":"closed","ping_status":"closed","template":"","meta":{"inline_featured_image":false,"footnotes":""},"class_list":["post-129","page","type-page","status-publish","hentry"],"_links":{"self":[{"href":"https:\/\/stefanatelier.pl\/index.php?rest_route=\/wp\/v2\/pages\/129","targetHints":{"allow":["GET"]}}],"collection":[{"href":"https:\/\/stefanatelier.pl\/index.php?rest_route=\/wp\/v2\/pages"}],"about":[{"href":"https:\/\/stefanatelier.pl\/index.php?rest_route=\/wp\/v2\/types\/page"}],"author":[{"embeddable":true,"href":"https:\/\/stefanatelier.pl\/index.php?rest_route=\/wp\/v2\/users\/1"}],"replies":[{"embeddable":true,"href":"https:\/\/stefanatelier.pl\/index.php?rest_route=%2Fwp%2Fv2%2Fcomments&post=129"}],"version-history":[{"count":7,"href":"https:\/\/stefanatelier.pl\/index.php?rest_route=\/wp\/v2\/pages\/129\/revisions"}],"predecessor-version":[{"id":232,"href":"https:\/\/stefanatelier.pl\/index.php?rest_route=\/wp\/v2\/pages\/129\/revisions\/232"}],"wp:attachment":[{"href":"https:\/\/stefanatelier.pl\/index.php?rest_route=%2Fwp%2Fv2%2Fmedia&parent=129"}],"curies":[{"name":"wp","href":"https:\/\/api.w.org\/{rel}","templated":true}]}}