{"id":104,"date":"2026-03-10T11:26:54","date_gmt":"2026-03-10T10:26:54","guid":{"rendered":"http:\/\/stefanatelier.pl\/?page_id=104"},"modified":"2026-03-12T17:01:07","modified_gmt":"2026-03-12T16:01:07","slug":"o-nas","status":"publish","type":"page","link":"https:\/\/stefanatelier.pl\/?page_id=104","title":{"rendered":"O nas"},"content":{"rendered":"\n<div class=\"wp-block-group alignfull has-global-padding is-layout-constrained wp-container-core-group-is-layout-db6981e9 wp-block-group-is-layout-constrained\" style=\"margin-top:0;margin-bottom:0;padding-top:30px;padding-right:30px;padding-bottom:30px;padding-left:30px\">\n<div class=\"wp-block-columns alignwide is-layout-flex wp-container-core-columns-is-layout-c2d6fa21 wp-block-columns-is-layout-flex\">\n<div class=\"wp-block-column is-layout-flow wp-container-core-column-is-layout-803c59fa wp-block-column-is-layout-flow\" style=\"padding-top:45px;flex-basis:55%\">\n<p class=\"has-color-4-color has-text-color has-link-color wp-elements-78f838646e6216ea490bbe4a49ae22fa\">Pasja w ka\u017cdym projekcie<\/p>\n\n\n\n<h2 class=\"wp-block-heading has-color-1-color has-text-color has-link-color has-x-huge-font-size wp-elements-20452c1b865cebea6f8f0c8768852b95\" style=\"font-style:normal;font-weight:600;line-height:1;text-transform:uppercase\">design z dusz\u0105 i precyzj\u0105<\/h2>\n\n\n\n<div class=\"wp-block-buttons is-layout-flex wp-block-buttons-is-layout-flex\" style=\"margin-top:40px\">\n<div class=\"wp-block-button\"><a class=\"wp-block-button__link wp-element-button\" href=\"#\">Nasze realizacje<\/a><\/div>\n\n\n<\/div>\n<\/div>\n\n\n\n<div class=\"wp-block-column is-layout-flow wp-container-core-column-is-layout-c6626a78 wp-block-column-is-layout-flow\">\n<figure class=\"wp-block-image size-full has-custom-border\"><img loading=\"lazy\" decoding=\"async\" width=\"1600\" height=\"1600\" src=\"https:\/\/stefanatelier.pl\/wp-content\/uploads\/2026\/03\/WhatsApp-Image-2026-03-06-at-16.17.34.jpeg\" alt=\"\" class=\"wp-image-106\" style=\"border-top-left-radius:8px;border-top-right-radius:8px;border-bottom-left-radius:8px;border-bottom-right-radius:8px\" srcset=\"https:\/\/stefanatelier.pl\/wp-content\/uploads\/2026\/03\/WhatsApp-Image-2026-03-06-at-16.17.34.jpeg 1600w, https:\/\/stefanatelier.pl\/wp-content\/uploads\/2026\/03\/WhatsApp-Image-2026-03-06-at-16.17.34-300x300.jpeg 300w, https:\/\/stefanatelier.pl\/wp-content\/uploads\/2026\/03\/WhatsApp-Image-2026-03-06-at-16.17.34-1024x1024.jpeg 1024w, https:\/\/stefanatelier.pl\/wp-content\/uploads\/2026\/03\/WhatsApp-Image-2026-03-06-at-16.17.34-150x150.jpeg 150w, https:\/\/stefanatelier.pl\/wp-content\/uploads\/2026\/03\/WhatsApp-Image-2026-03-06-at-16.17.34-768x768.jpeg 768w, https:\/\/stefanatelier.pl\/wp-content\/uploads\/2026\/03\/WhatsApp-Image-2026-03-06-at-16.17.34-1536x1536.jpeg 1536w\" sizes=\"auto, (max-width: 1600px) 100vw, 1600px\" \/><\/figure>\n<\/div>\n<\/div>\n\n\n\n<div class=\"wp-block-columns alignwide is-layout-flex wp-container-core-columns-is-layout-c2d6fa21 wp-block-columns-is-layout-flex\">\n<div class=\"wp-block-column is-layout-flow wp-container-core-column-is-layout-3ca914a4 wp-block-column-is-layout-flow\" style=\"flex-basis:55%\">\n<div class=\"wp-block-group is-content-justification-left is-nowrap is-layout-flex wp-container-core-group-is-layout-22f903a3 wp-block-group-is-layout-flex\">\n<div class=\"wp-block-cover has-custom-content-position is-position-bottom-left wp-container-content-9d2aa341\" style=\"border-top-left-radius:8px;border-top-right-radius:8px;border-bottom-left-radius:8px;border-bottom-right-radius:8px;padding-top:30px;padding-right:30px;padding-bottom:30px;padding-left:30px;min-height:270px;aspect-ratio:unset;\"><img loading=\"lazy\" decoding=\"async\" width=\"1024\" height=\"768\" class=\"wp-block-cover__image-background wp-image-105 size-large\" alt=\"\" src=\"https:\/\/stefanatelier.pl\/wp-content\/uploads\/2026\/03\/WhatsApp-Image-2026-03-06-at-16.17.33-1024x768.jpeg\" data-object-fit=\"cover\" srcset=\"https:\/\/stefanatelier.pl\/wp-content\/uploads\/2026\/03\/WhatsApp-Image-2026-03-06-at-16.17.33-1024x768.jpeg 1024w, https:\/\/stefanatelier.pl\/wp-content\/uploads\/2026\/03\/WhatsApp-Image-2026-03-06-at-16.17.33-300x225.jpeg 300w, https:\/\/stefanatelier.pl\/wp-content\/uploads\/2026\/03\/WhatsApp-Image-2026-03-06-at-16.17.33-768x576.jpeg 768w, https:\/\/stefanatelier.pl\/wp-content\/uploads\/2026\/03\/WhatsApp-Image-2026-03-06-at-16.17.33-1536x1152.jpeg 1536w, https:\/\/stefanatelier.pl\/wp-content\/uploads\/2026\/03\/WhatsApp-Image-2026-03-06-at-16.17.33.jpeg 1600w\" sizes=\"auto, (max-width: 1024px) 100vw, 1024px\" \/><span aria-hidden=\"true\" class=\"wp-block-cover__background has-background-dim-100 has-background-dim wp-block-cover__gradient-background has-background-gradient has-gradient-2-gradient-background\" style=\"background-color:#7e7a70\"><\/span><div class=\"wp-block-cover__inner-container has-global-padding is-layout-constrained wp-container-core-cover-is-layout-e5c0cd5e wp-block-cover-is-layout-constrained\">\n<p class=\"has-text-align-center has-large-font-size\"><\/p>\n<\/div><\/div>\n\n\n\n<div class=\"wp-block-cover has-custom-content-position is-position-bottom-left wp-container-content-9d2aa341\" style=\"border-top-left-radius:8px;border-top-right-radius:8px;border-bottom-left-radius:8px;border-bottom-right-radius:8px;margin-bottom:0;padding-top:var(--wp--preset--spacing--normal);padding-right:var(--wp--preset--spacing--normal);padding-bottom:var(--wp--preset--spacing--normal);padding-left:var(--wp--preset--spacing--normal);min-height:270px;aspect-ratio:unset;\"><img loading=\"lazy\" decoding=\"async\" width=\"768\" height=\"1024\" class=\"wp-block-cover__image-background wp-image-108 size-large\" alt=\"\" src=\"https:\/\/stefanatelier.pl\/wp-content\/uploads\/2026\/03\/WhatsApp-Image-2026-03-06-at-16.17.35-768x1024.jpeg\" data-object-fit=\"cover\" srcset=\"https:\/\/stefanatelier.pl\/wp-content\/uploads\/2026\/03\/WhatsApp-Image-2026-03-06-at-16.17.35-768x1024.jpeg 768w, https:\/\/stefanatelier.pl\/wp-content\/uploads\/2026\/03\/WhatsApp-Image-2026-03-06-at-16.17.35-225x300.jpeg 225w, https:\/\/stefanatelier.pl\/wp-content\/uploads\/2026\/03\/WhatsApp-Image-2026-03-06-at-16.17.35-1152x1536.jpeg 1152w, https:\/\/stefanatelier.pl\/wp-content\/uploads\/2026\/03\/WhatsApp-Image-2026-03-06-at-16.17.35.jpeg 1536w\" sizes=\"auto, (max-width: 768px) 100vw, 768px\" \/><span aria-hidden=\"true\" class=\"wp-block-cover__background has-background-dim-100 has-background-dim wp-block-cover__gradient-background has-background-gradient has-gradient-2-gradient-background\" style=\"background-color:#807d7c\"><\/span><div class=\"wp-block-cover__inner-container has-global-padding is-layout-constrained wp-container-core-cover-is-layout-2c35af67 wp-block-cover-is-layout-constrained\">\n<p class=\"has-text-align-center has-large-font-size\"><\/p>\n<\/div><\/div>\n<\/div>\n<\/div>\n\n\n\n<div class=\"wp-block-column is-layout-flow wp-container-core-column-is-layout-c6626a78 wp-block-column-is-layout-flow\">\n<p>Nasz zesp\u00f3\u0142 posiada blisko 30 lat do\u015bwiadczenia w realizacji mebli na zam\u00f3wienie oraz element\u00f3w wyposa\u017cenia wn\u0119trz.<\/p>\n\n\n\n<p>Pracujemy zar\u00f3wno z tradycyjnym drewnem i fornirem, jak i z nowoczesnymi materia\u0142ami, takimi jak laminaty, kompozyty czy formowany Corian.<\/p>\n\n\n\n<p>\u0141\u0105czymy rzemios\u0142o stolarskie z precyzyjn\u0105 obr\u00f3bk\u0105 CNC, co pozwala nam realizowa\u0107 zar\u00f3wno klasyczne zabudowy, jak i bardziej wymagaj\u0105ce projekty architektoniczne.<\/p>\n<\/div>\n<\/div>\n<\/div>\n\n\n\n<div class=\"wp-block-cover alignfull is-light\"><span aria-hidden=\"true\" class=\"wp-block-cover__background has-color-6-background-color has-background-dim-100 has-background-dim\"><\/span><div class=\"wp-block-cover__inner-container has-global-padding is-layout-constrained wp-container-core-cover-is-layout-67e8c345 wp-block-cover-is-layout-constrained\">\n<h2 class=\"wp-block-heading has-text-align-center has-color-1-color has-text-color has-link-color has-poppins-font-family has-big-font-size wp-elements-c55979964ef9e7a7ebd699c47868299f\" style=\"margin-top:var(--wp--preset--spacing--large);margin-right:0;margin-bottom:var(--wp--preset--spacing--large);margin-left:0;padding-top:0;padding-bottom:0;font-style:normal;font-weight:500\">Porozmawiajmy o projekcie<\/h2>\n\n\n\n<div class=\"wpcf7 no-js\" id=\"wpcf7-f155-o1\" lang=\"en-US\" dir=\"ltr\" data-wpcf7-id=\"155\">\n<div class=\"screen-reader-response\"><p role=\"status\" aria-live=\"polite\" aria-atomic=\"true\"><\/p> <ul><\/ul><\/div>\n<form action=\"\/index.php?rest_route=%2Fwp%2Fv2%2Fpages%2F104#wpcf7-f155-o1\" method=\"post\" class=\"wpcf7-form init\" aria-label=\"Contact form\" novalidate=\"novalidate\" data-status=\"init\">\n<fieldset class=\"hidden-fields-container\"><input type=\"hidden\" name=\"_wpcf7\" value=\"155\" \/><input type=\"hidden\" name=\"_wpcf7_version\" value=\"6.1.5\" \/><input type=\"hidden\" name=\"_wpcf7_locale\" value=\"en_US\" \/><input type=\"hidden\" name=\"_wpcf7_unit_tag\" value=\"wpcf7-f155-o1\" \/><input type=\"hidden\" name=\"_wpcf7_container_post\" value=\"0\" \/><input type=\"hidden\" name=\"_wpcf7_posted_data_hash\" value=\"\" \/>\n<\/fieldset>\n<p><label> Imi\u0119<br \/>\n<span class=\"wpcf7-form-control-wrap\" data-name=\"your-name\"><input size=\"40\" maxlength=\"400\" class=\"wpcf7-form-control wpcf7-text wpcf7-validates-as-required\" autocomplete=\"name\" aria-required=\"true\" aria-invalid=\"false\" value=\"\" type=\"text\" name=\"your-name\" \/><\/span> <\/label>\n<\/p>\n<p><label> Tw\u00f3j e-mail<br \/>\n<span class=\"wpcf7-form-control-wrap\" data-name=\"your-email\"><input size=\"40\" maxlength=\"400\" class=\"wpcf7-form-control wpcf7-email wpcf7-validates-as-required wpcf7-text wpcf7-validates-as-email\" autocomplete=\"email\" aria-required=\"true\" aria-invalid=\"false\" value=\"\" type=\"email\" name=\"your-email\" \/><\/span> <\/label>\n<\/p>\n<p><label> Temat<br \/>\n<span class=\"wpcf7-form-control-wrap\" data-name=\"your-subject\"><input size=\"40\" maxlength=\"400\" class=\"wpcf7-form-control wpcf7-text wpcf7-validates-as-required\" aria-required=\"true\" aria-invalid=\"false\" value=\"\" type=\"text\" name=\"your-subject\" \/><\/span> <\/label>\n<\/p>\n<p><label> Wiadomo\u015b\u0107<br \/>\n<span class=\"wpcf7-form-control-wrap\" data-name=\"your-message\"><textarea cols=\"40\" rows=\"10\" maxlength=\"2000\" class=\"wpcf7-form-control wpcf7-textarea\" aria-invalid=\"false\" name=\"your-message\"><\/textarea><\/span> <\/label>\n<\/p>\n<p><input class=\"wpcf7-form-control wpcf7-submit has-spinner\" type=\"submit\" value=\"Wy\u015blij wiadomo\u015b\u0107\" \/>\n<\/p><div class=\"wpcf7-response-output\" aria-hidden=\"true\"><\/div>\n<\/form>\n<\/div>\n\n<\/div><\/div>\n","protected":false},"excerpt":{"rendered":"<p>Pasja w ka\u017cdym projekcie design z dusz\u0105 i precyzj\u0105 Nasz zesp\u00f3\u0142 posiada blisko 30 lat do\u015bwiadczenia w realizacji mebli na zam\u00f3wienie oraz element\u00f3w wyposa\u017cenia wn\u0119trz. Pracujemy zar\u00f3wno z tradycyjnym drewnem i fornirem, jak i z nowoczesnymi materia\u0142ami, takimi jak laminaty, kompozyty czy formowany Corian. \u0141\u0105czymy rzemios\u0142o stolarskie z precyzyjn\u0105 obr\u00f3bk\u0105 CNC, co pozwala nam realizowa\u0107 [&hellip;]<\/p>\n","protected":false},"author":1,"featured_media":0,"parent":0,"menu_order":0,"comment_status":"closed","ping_status":"closed","template":"","meta":{"inline_featured_image":false,"footnotes":""},"class_list":["post-104","page","type-page","status-publish","hentry"],"_links":{"self":[{"href":"https:\/\/stefanatelier.pl\/index.php?rest_route=\/wp\/v2\/pages\/104","targetHints":{"allow":["GET"]}}],"collection":[{"href":"https:\/\/stefanatelier.pl\/index.php?rest_route=\/wp\/v2\/pages"}],"about":[{"href":"https:\/\/stefanatelier.pl\/index.php?rest_route=\/wp\/v2\/types\/page"}],"author":[{"embeddable":true,"href":"https:\/\/stefanatelier.pl\/index.php?rest_route=\/wp\/v2\/users\/1"}],"replies":[{"embeddable":true,"href":"https:\/\/stefanatelier.pl\/index.php?rest_route=%2Fwp%2Fv2%2Fcomments&post=104"}],"version-history":[{"count":12,"href":"https:\/\/stefanatelier.pl\/index.php?rest_route=\/wp\/v2\/pages\/104\/revisions"}],"predecessor-version":[{"id":242,"href":"https:\/\/stefanatelier.pl\/index.php?rest_route=\/wp\/v2\/pages\/104\/revisions\/242"}],"wp:attachment":[{"href":"https:\/\/stefanatelier.pl\/index.php?rest_route=%2Fwp%2Fv2%2Fmedia&parent=104"}],"curies":[{"name":"wp","href":"https:\/\/api.w.org\/{rel}","templated":true}]}}